{"id":8,"date":"2017-03-09T14:45:32","date_gmt":"2017-03-09T13:45:32","guid":{"rendered":"https:\/\/fondazionegiuseppemotta.ch\/?page_id=8\/"},"modified":"2017-03-09T15:36:56","modified_gmt":"2017-03-09T14:36:56","slug":"giuseppe-motta-et-son-histoire","status":"publish","type":"page","link":"https:\/\/fondazionegiuseppemotta.ch\/fr\/","title":{"rendered":"Giuseppe Motta et son histoire"},"content":{"rendered":"<div class=\"fusion-fullwidth fullwidth-box fusion-builder-row-1 nonhundred-percent-fullwidth non-hundred-percent-height-scrolling\" style=\"--awb-border-radius-top-left:0px;--awb-border-radius-top-right:0px;--awb-border-radius-bottom-right:0px;--awb-border-radius-bottom-left:0px;--awb-flex-wrap:wrap;\" ><div class=\"fusion-builder-row fusion-row\"><div class=\"fusion-layout-column fusion_builder_column fusion-builder-column-0 fusion_builder_column_1_1 1_1 fusion-one-full fusion-column-first fusion-column-last\" style=\"--awb-bg-size:cover;--awb-margin-bottom:0px;\"><div class=\"fusion-column-wrapper fusion-flex-column-wrapper-legacy\"><div class=\"fusion-text fusion-text-1\"><h1>Giuseppe Motta et son histoire<\/h1>\n<\/div><div class=\"fusion-clearfix\"><\/div><\/div><\/div><div class=\"fusion-layout-column fusion_builder_column fusion-builder-column-1 fusion_builder_column_3_4 3_4 fusion-three-fourth fusion-column-first\" style=\"--awb-bg-size:cover;width:75%;width:calc(75% - ( ( 4% ) * 0.75 ) );margin-right: 4%;\"><div class=\"fusion-column-wrapper fusion-flex-column-wrapper-legacy\"><div class=\"fusion-text fusion-text-2\"><p style=\"text-align:justify\">Giuseppe Motta, n\u00e9 le 29.12.1871, originaire d&rsquo;Airolo a \u00e9tudi\u00e9 au Collegio Papio \u00e0 Ascona et au Coll\u00e8ge St-Michel \u00e0 Fribourg avant de poursuivre des \u00e9tudes de droit aux universit\u00e9s de Fribourg, Munich et Heidelberg. Il a obtenu sa licence en droit en 1893. Avocat et notaire dans son village natal, Giuseppe Motta a \u00e9t\u00e9 \u00e9lu membre du Conseil F\u00e9d\u00e9ral le 14 d\u00e9cembre 1911. Le Dictionnaire historique de la Suisse donne beaucoup d&rsquo;informations sur sa carri\u00e8re politique, le r\u00f4le qu&rsquo;il a eu dans la politique \u00e9trang\u00e8re et les faits de l&rsquo;\u00e9poque.<\/p>\n<p style=\"text-align:justify\">Il assuma la fonction de pr\u00e9sident de la Conf\u00e9d\u00e9ration en 1915, 1920, 1927, 1932 et 1937. Il est d\u00e9c\u00e9d\u00e9 le 23 janvier 1940, alors qu&rsquo;il \u00e9tait encore en fonction.<\/p>\n<p>Trente ans plus tard, en 1971, une sculpture de Remo Rossi a \u00e9t\u00e9 pos\u00e9e au cimeti\u00e8re d&rsquo;Airolo.<\/p>\n<p style=\"text-align:justify\">Pro Ticino, une association regroupant des ressortissants tessinois en Suisse avait d\u00e9cid\u00e9 en 1942, de comm\u00e9morer la personnalit\u00e9 de Giuseppe Motta en \u00e9rigeant un monument \u00e0 Berne, pour souligner son activit\u00e9 au Conseil f\u00e9d\u00e9ral. Le sculpteur Remo Rossi gagna le concours d&rsquo;id\u00e9es et r\u00e9alisa la grande sculpture &laquo;une femme&raquo;. Apr\u00e8s plusieurs r\u00e9ponses n\u00e9gatives des grandes villes de Suisse, c&rsquo;est finalement devant la gare de Bellinzone que la sculpture &laquo;Helvetia en marche&raquo; trouva sa place.<\/p>\n<\/div><div class=\"fusion-clearfix\"><\/div><\/div><\/div><div class=\"fusion-layout-column fusion_builder_column fusion-builder-column-2 fusion_builder_column_1_4 1_4 fusion-one-fourth fusion-column-last\" style=\"--awb-bg-size:cover;width:25%;width:calc(25% - ( ( 4% ) * 0.25 ) );\"><div class=\"fusion-column-wrapper fusion-flex-column-wrapper-legacy\"><div class=\"fusion-text fusion-text-3\"><p><img decoding=\"async\" src=\"https:\/\/fondazionegiuseppemotta.ch\/wp-content\/uploads\/giuseppe-motta-2.png\"><br \/>\n<span style=\"font-size:80%\">Giuseppe Motta<\/span><\/p>\n<\/div><div class=\"fusion-clearfix\"><\/div><\/div><\/div><div class=\"fusion-layout-column fusion_builder_column fusion-builder-column-3 fusion_builder_column_1_1 1_1 fusion-one-full fusion-column-first fusion-column-last\" style=\"--awb-bg-size:cover;--awb-margin-bottom:0px;\"><div class=\"fusion-column-wrapper fusion-flex-column-wrapper-legacy\"><div class=\"fusion-text fusion-text-4\"><h1>La Fondation<\/h1>\n<p style=\"text-align:justify\">Le 1er juin 1947, le comit\u00e9 promoteur du \u00a0\u00bb Monument Motta \u00e0 Berne et fondation suisse Giuseppe Motta \u00ab\u00a0, par son pr\u00e9sident Ernesto Ballinari, signa la constitution de la \u00a0\u00bb Fondation suisse Giuseppe Motta \u00a0\u00bb dont le but \u00e9tait de donner des aides \u00e0 des familles suisses pour l&rsquo;\u00e9ducation et la formation de leurs enfants. Le texte original du document de fondation, sign\u00e9 par le notaire bernois Carl Hertig contenait la faute du nom de Guiseppe Motta.<\/p>\n<p style=\"text-align:justify\">La Fondation a connu un bel \u00e9lan pendant les premi\u00e8res ann\u00e9es, puis son activit\u00e9 stagna durant quelques temps. N\u00e9anmoins de nombreuses subventions furent pay\u00e9es \u00e0 bon nombre d&rsquo;\u00e9tudiants de toute la Suisse.<\/p>\n<p style=\"text-align:justify\">2000 est devenu l&rsquo;ann\u00e9e de la renaissance pour la Fondation Giuseppe Motta. Des nouveaux statuts et un nouveau r\u00e8glement interne furent cr\u00e9\u00e9s. En janvier 2001, le nouveau Conseil de fondation a approuv\u00e9 les modifications d\u00e9cid\u00e9es et le si\u00e8ge de la Fondation a \u00e9t\u00e9 transf\u00e9r\u00e9 \u00e0 Bellinzona.<\/p>\n<\/div><div class=\"fusion-clearfix\"><\/div><\/div><\/div><\/div><\/div>\n","protected":false},"excerpt":{"rendered":"","protected":false},"author":1,"featured_media":0,"parent":0,"menu_order":0,"comment_status":"closed","ping_status":"closed","template":"","meta":{"footnotes":""},"_links":{"self":[{"href":"https:\/\/fondazionegiuseppemotta.ch\/fr\/wp-json\/wp\/v2\/pages\/8"}],"collection":[{"href":"https:\/\/fondazionegiuseppemotta.ch\/fr\/wp-json\/wp\/v2\/pages"}],"about":[{"href":"https:\/\/fondazionegiuseppemotta.ch\/fr\/wp-json\/wp\/v2\/types\/page"}],"author":[{"embeddable":true,"href":"https:\/\/fondazionegiuseppemotta.ch\/fr\/wp-json\/wp\/v2\/users\/1"}],"replies":[{"embeddable":true,"href":"https:\/\/fondazionegiuseppemotta.ch\/fr\/wp-json\/wp\/v2\/comments?post=8"}],"version-history":[{"count":5,"href":"https:\/\/fondazionegiuseppemotta.ch\/fr\/wp-json\/wp\/v2\/pages\/8\/revisions"}],"predecessor-version":[{"id":62,"href":"https:\/\/fondazionegiuseppemotta.ch\/fr\/wp-json\/wp\/v2\/pages\/8\/revisions\/62"}],"wp:attachment":[{"href":"https:\/\/fondazionegiuseppemotta.ch\/fr\/wp-json\/wp\/v2\/media?parent=8"}],"curies":[{"name":"wp","href":"https:\/\/api.w.org\/{rel}","templated":true}]}}