{"id":10,"date":"2017-03-09T14:45:59","date_gmt":"2017-03-09T13:45:59","guid":{"rendered":"https:\/\/fondazionegiuseppemotta.ch\/?page_id=10\/"},"modified":"2017-03-09T15:37:51","modified_gmt":"2017-03-09T14:37:51","slug":"giuseppe-motta-und-die-stiftung","status":"publish","type":"page","link":"https:\/\/fondazionegiuseppemotta.ch\/de\/","title":{"rendered":"Giuseppe Motta und die Stiftung"},"content":{"rendered":"<div class=\"fusion-fullwidth fullwidth-box fusion-builder-row-1 nonhundred-percent-fullwidth non-hundred-percent-height-scrolling\" style=\"--awb-border-radius-top-left:0px;--awb-border-radius-top-right:0px;--awb-border-radius-bottom-right:0px;--awb-border-radius-bottom-left:0px;--awb-flex-wrap:wrap;\" ><div class=\"fusion-builder-row fusion-row\"><div class=\"fusion-layout-column fusion_builder_column fusion-builder-column-0 fusion_builder_column_1_1 1_1 fusion-one-full fusion-column-first fusion-column-last\" style=\"--awb-bg-size:cover;--awb-margin-bottom:0px;\"><div class=\"fusion-column-wrapper fusion-flex-column-wrapper-legacy\"><div class=\"fusion-text fusion-text-1\"><h1>Giuseppe Motta<\/h1>\n<\/div><div class=\"fusion-clearfix\"><\/div><\/div><\/div><div class=\"fusion-layout-column fusion_builder_column fusion-builder-column-1 fusion_builder_column_3_4 3_4 fusion-three-fourth fusion-column-first\" style=\"--awb-bg-size:cover;width:75%;width:calc(75% - ( ( 4% ) * 0.75 ) );margin-right: 4%;\"><div class=\"fusion-column-wrapper fusion-flex-column-wrapper-legacy\"><div class=\"fusion-text fusion-text-2\"><p style=\"text-align:justify\"><strong>Giuseppe Motta<\/strong>, geboren am 29. Dezember 1871 in Airolo (TI), hat, nach der Mittelschule im \u201eCollegio Papio\u201c in Ascona und im \u201eCollegio Saint Michel\u201c in Freiburg, Jura an den Universit\u00e4ten Freiburg (CH), M\u00fcnchen und Heidelberg studiert. Im Jahre 1893 erwarb er das Lizenziat in Rechtswissenschaft. Als Anwalt und Notar war er danach in Airolo t\u00e4tig.<\/p>\n<p style=\"text-align:justify\">Er verstarb im Amt am 23. Januar 1940. Mit einem Werk von Remo Rossi wurde 1971 Giuseppe Motta im Friedhof von Airolo geehrt. <\/p>\n<p style=\"text-align:justify\">Bereits 30 Jahre zuvor sollte nach einer Geldsammlung durch den Verein \u201ePro Ticino\u201c in Bern ein Denkmal aufgestellt werden. Die in einem Wettbewerb siegreiche Skulptur von Remo Rossi, eine 4 Meter grosse nackte Helvetia aus Castione Granit, blieb vorerst f\u00fcr fast 15 Jahre verborgen, schliesslich fand sie am 15, September 1957 vor dem Bahnhof in Bellinzona ihren Platz.<\/p>\n<h1>Die Stiftung<\/h1>\n<p style=\"text-align:justify\">Am 1. Juni 1947 unterzeichnete Ernesto Ballinari stellvertretend f\u00fcr das Komitee \u201eMotta Monument in Bern und Schweizer Stiftung Giuseppe Motta\u201c die Gr\u00fcndungsstatuten der \u201eSchweizerischen Guiseppe Motta-Stiftung\u201c mit  Sitz in Bern und dem Zweck, Schweizer Familien bei der Erziehung und Bildung ihrer Kinder zu helfen. Der Fehler in der Orthographie im Stiftungsnamen entstammt dem Original des Notars Carl Hertig.<\/p>\n<p style=\"text-align:justify\">Die Stiftung erlebte wechselnde Perioden: nach einem vielversprechenden und erfolgreichen Anfang, in welchem zahlreiche Spenden sich ergaben und viele Studierende aus der ganzen Schweiz unter- st\u00fctzt werden konnten, kam es zu Jahren der Inaktivit\u00e4t.<\/p>\n<p style=\"text-align:justify\">Im Jahre 2000 \u00e4nderte der Stiftungsrat auf Vorschlag der Eidgen\u00f6ssischen Aufsichtsbeh\u00f6rde f\u00fcr Stiftungen die Statuten vom 1.6.1947 und passte sie den neuen Bed\u00fcrfnissen an. Mit den neuen Statuten vom 11.1.2001 wurde auch der Sitz der Stiftung von Bern nach Bellinzona verlegt.<\/p>\n<\/div><div class=\"fusion-clearfix\"><\/div><\/div><\/div><div class=\"fusion-layout-column fusion_builder_column fusion-builder-column-2 fusion_builder_column_1_4 1_4 fusion-one-fourth fusion-column-last\" style=\"--awb-bg-size:cover;width:25%;width:calc(25% - ( ( 4% ) * 0.25 ) );\"><div class=\"fusion-column-wrapper fusion-flex-column-wrapper-legacy\"><div class=\"fusion-text fusion-text-3\"><p><img decoding=\"async\" src=\"https:\/\/fondazionegiuseppemotta.ch\/wp-content\/uploads\/giuseppe-motta-2.png\"><br \/>\n<span style=\"font-size:80%\">Giuseppe Motta<\/span><\/p>\n<\/div><div class=\"fusion-clearfix\"><\/div><\/div><\/div><\/div><\/div>\n","protected":false},"excerpt":{"rendered":"","protected":false},"author":1,"featured_media":0,"parent":0,"menu_order":0,"comment_status":"closed","ping_status":"closed","template":"","meta":{"footnotes":""},"_links":{"self":[{"href":"https:\/\/fondazionegiuseppemotta.ch\/de\/wp-json\/wp\/v2\/pages\/10"}],"collection":[{"href":"https:\/\/fondazionegiuseppemotta.ch\/de\/wp-json\/wp\/v2\/pages"}],"about":[{"href":"https:\/\/fondazionegiuseppemotta.ch\/de\/wp-json\/wp\/v2\/types\/page"}],"author":[{"embeddable":true,"href":"https:\/\/fondazionegiuseppemotta.ch\/de\/wp-json\/wp\/v2\/users\/1"}],"replies":[{"embeddable":true,"href":"https:\/\/fondazionegiuseppemotta.ch\/de\/wp-json\/wp\/v2\/comments?post=10"}],"version-history":[{"count":4,"href":"https:\/\/fondazionegiuseppemotta.ch\/de\/wp-json\/wp\/v2\/pages\/10\/revisions"}],"predecessor-version":[{"id":64,"href":"https:\/\/fondazionegiuseppemotta.ch\/de\/wp-json\/wp\/v2\/pages\/10\/revisions\/64"}],"wp:attachment":[{"href":"https:\/\/fondazionegiuseppemotta.ch\/de\/wp-json\/wp\/v2\/media?parent=10"}],"curies":[{"name":"wp","href":"https:\/\/api.w.org\/{rel}","templated":true}]}}